{"id":9597,"date":"2011-03-08T11:58:50","date_gmt":"2011-03-08T11:58:50","guid":{"rendered":"http:\/\/www.civiltalaica.it\/cms\/?page_id=9597"},"modified":"2011-03-08T11:58:50","modified_gmt":"2011-03-08T11:58:50","slug":"manifesto-laico","status":"publish","type":"page","link":"https:\/\/www.civiltalaica.it\/cms\/manifesto-laico\/","title":{"rendered":"Manifesto Laico"},"content":{"rendered":"<h4 style=\"font-variant: small-caps; margin-top: 15px; margin-bottom: 10px; font-size: 13px; text-align: center;\">Civilt\u00e0 Laica rende noti i punti principali della campagna a difesa della laicit\u00e0 dello stato<\/h4>\n<p>L\u2019anno 2005 ha visto la nascita in Italia di un nuovo soggetto culturale impegnato nella difficile conquista della laicit\u00e0 delle istituzioni: l\u2019Associazione Culturale Civilt\u00e0 Laica, che viene creata per coordinare l\u2019azione di tutti coloro che indipendentemente dal proprio orientamento religioso, filosofico e politico hanno l\u2019obiettivo di porre fine ai privilegi di cui godono le istituzioni ecclesiastiche e alle discriminazioni subite dai non credenti e dalle minoranze religiose presenti nel paese.<br \/> L\u2019associazione si impegna inoltre a stimolare il dialogo e a promuovere la convivenza pacifica tra i diversi soggetti che man mano vanno creandosi in una societ\u00e0 multiculturale e multietnica. L\u2019importanza del rispetto reciproco induce l\u2019impegno contro tutte le leggi, le prassi e i progetti politici nei quali si intraveda l\u2019imposizione di precetti religiosi e ideologie integraliste in disaccordo alle indicazioni della Costituzione della Repubblica in merito all\u2019uguaglianza di tutti i cittadini di fronte alla legge, indipendentemente dalla loro confessione religiosa o ideologia filosofica.<br \/> Civilt\u00e0 Laica si impegna inoltre in campagne di sensibilizzazione dell\u2019opinione pubblica e di protesta non violenta al fine di ottenere per tutti quei diritti civili che per motivi religiosi vengono ancora negati, e pi\u00f9 in particolare si impegna per:<\/p>\n<ul>\n<li> legalizzare l\u2019eutanasia<\/li>\n<li> introdurre la pillola abortiva<\/li>\n<li> riconoscere i diritti dei singoli e delle coppie omosessuali<\/li>\n<li> abolire l\u2019ora di religione cattolica nelle scuole pubbliche<\/li>\n<li> eliminare il finanziamento pubblico alle istituzioni religiose<\/li>\n<li> modificare, in generale, il concordato Stato-Chiesa<\/li>\n<li> abrogare la legge 40\/2004 sulla fecondazione medicalmente assistita<\/li>\n<li> istituire una seria educazione alla sessualit\u00e0 nelle scuole<\/li>\n<li> rimuovere i simboli religiosi dalle scuole e dagli uffici pubblici<\/li>\n<li> promuovere l\u2019istituzione e l\u2019utilizzo delle sale pubbliche per il commiato e l\u2019applicazione della legge<\/li>\n<li> sulla cremazione<\/li>\n<\/ul>\n<p>e si batte inoltre per:<\/p>\n<ul>\n<li> difendere la libert\u00e0 di ricerca scientifica<\/li>\n<li> difendere e migliorare le conquiste faticosamente ottenute in precedenti campagne laiche, quali le leggi<\/li>\n<li> sul divorzio e sull\u2019aborto<\/li>\n<li> difendere la razionalit\u00e0, il metodo e l\u2019insegnamento scientifico<\/li>\n<li> difendere e offrire supporto alle vittime di azioni integraliste<\/li>\n<\/ul>\n<p>L\u2019Associazione Culturale Civilt\u00e0 Laica non persegue scopi di lucro, ma si avvale del paziente lavoro di volontari che scelgono di dedicare parte del loro tempo libero alla costruzione di un paese moderno e democratico.<br \/> Per raggiungere questo obiettivo c\u2019\u00e8 bisogno dell\u2019aiuto di tutta la societ\u00e0 civile!<\/p>\n<h4 style=\"font-variant: small-caps; color: #a40301; margin-top: 15px; margin-bottom: 10px; font-size: 14px; text-align: center;\">uno stato di tutti \u00e8 uno stato laico<\/h4>\n<p>&nbsp;<\/p>\n<p><a href=\"http:\/\/www.civiltalaica.it\/cms\/wp-content\/uploads\/2011\/03\/manifesto_laico.pdf\">Manifesto Laico<\/a><\/p>\n","protected":false},"excerpt":{"rendered":"<p>Civilt\u00e0 Laica rende noti i punti principali della campagna a difesa della laicit\u00e0 dello stato L\u2019anno 2005 ha visto la nascita in Italia di un nuovo soggetto culturale impegnato nella difficile conquista della laicit\u00e0 delle istituzioni: l\u2019Associazione Culturale Civilt\u00e0 Laica, che viene creata per coordinare l\u2019azione di tutti coloro che indipendentemente dal proprio orientamento religioso, [&hellip;]<\/p>\n","protected":false},"author":1,"featured_media":0,"parent":0,"menu_order":0,"comment_status":"closed","ping_status":"closed","template":"","meta":{"footnotes":""},"class_list":["post-9597","page","type-page","status-publish","hentry"],"yoast_head":"<!-- This site is optimized with the Yoast SEO plugin v27.1.1 - https:\/\/yoast.com\/product\/yoast-seo-wordpress\/ -->\n<title>Manifesto Laico - Associazione Culturale Civilt\u00e0 Laica<\/title>\n<meta name=\"robots\" content=\"index, follow, max-snippet:-1, max-image-preview:large, max-video-preview:-1\" \/>\n<link rel=\"canonical\" href=\"https:\/\/www.civiltalaica.it\/cms\/manifesto-laico\/\" \/>\n<meta property=\"og:locale\" content=\"it_IT\" \/>\n<meta property=\"og:type\" content=\"article\" \/>\n<meta property=\"og:title\" content=\"Manifesto Laico - Associazione Culturale Civilt\u00e0 Laica\" \/>\n<meta property=\"og:description\" content=\"Civilt\u00e0 Laica rende noti i punti principali della campagna a difesa della laicit\u00e0 dello stato L\u2019anno 2005 ha visto la nascita in Italia di un nuovo soggetto culturale impegnato nella difficile conquista della laicit\u00e0 delle istituzioni: l\u2019Associazione Culturale Civilt\u00e0 Laica, che viene creata per coordinare l\u2019azione di tutti coloro che indipendentemente dal proprio orientamento religioso, [&hellip;]\" \/>\n<meta property=\"og:url\" content=\"https:\/\/www.civiltalaica.it\/cms\/manifesto-laico\/\" \/>\n<meta property=\"og:site_name\" content=\"Associazione Culturale Civilt\u00e0 Laica\" \/>\n<meta property=\"article:publisher\" content=\"https:\/\/www.facebook.com\/civiltalaica\" \/>\n<meta property=\"og:image\" content=\"https:\/\/www.civiltalaica.it\/cms\/wp-content\/uploads\/2017\/06\/logo-cl.png\" \/>\n\t<meta property=\"og:image:width\" content=\"400\" \/>\n\t<meta property=\"og:image:height\" content=\"180\" \/>\n\t<meta property=\"og:image:type\" content=\"image\/png\" \/>\n<meta name=\"twitter:card\" content=\"summary_large_image\" \/>\n<meta name=\"twitter:label1\" content=\"Tempo di lettura stimato\" \/>\n\t<meta name=\"twitter:data1\" content=\"2 minuti\" \/>\n<script type=\"application\/ld+json\" class=\"yoast-schema-graph\">{\"@context\":\"https:\/\/schema.org\",\"@graph\":[{\"@type\":\"WebPage\",\"@id\":\"https:\/\/www.civiltalaica.it\/cms\/manifesto-laico\/\",\"url\":\"https:\/\/www.civiltalaica.it\/cms\/manifesto-laico\/\",\"name\":\"Manifesto Laico - Associazione Culturale Civilt\u00e0 Laica\",\"isPartOf\":{\"@id\":\"https:\/\/www.civiltalaica.it\/cms\/#website\"},\"datePublished\":\"2011-03-08T11:58:50+00:00\",\"breadcrumb\":{\"@id\":\"https:\/\/www.civiltalaica.it\/cms\/manifesto-laico\/#breadcrumb\"},\"inLanguage\":\"it-IT\",\"potentialAction\":[{\"@type\":\"ReadAction\",\"target\":[\"https:\/\/www.civiltalaica.it\/cms\/manifesto-laico\/\"]}]},{\"@type\":\"BreadcrumbList\",\"@id\":\"https:\/\/www.civiltalaica.it\/cms\/manifesto-laico\/#breadcrumb\",\"itemListElement\":[{\"@type\":\"ListItem\",\"position\":1,\"name\":\"Home\",\"item\":\"https:\/\/www.civiltalaica.it\/cms\/\"},{\"@type\":\"ListItem\",\"position\":2,\"name\":\"Manifesto Laico\"}]},{\"@type\":\"WebSite\",\"@id\":\"https:\/\/www.civiltalaica.it\/cms\/#website\",\"url\":\"https:\/\/www.civiltalaica.it\/cms\/\",\"name\":\"Associazione Culturale Civilt\u00e0 Laica\",\"description\":\"Per un movimento culturale volto a difendere la Laicit\u00e0 dello Stato.\",\"potentialAction\":[{\"@type\":\"SearchAction\",\"target\":{\"@type\":\"EntryPoint\",\"urlTemplate\":\"https:\/\/www.civiltalaica.it\/cms\/?s={search_term_string}\"},\"query-input\":{\"@type\":\"PropertyValueSpecification\",\"valueRequired\":true,\"valueName\":\"search_term_string\"}}],\"inLanguage\":\"it-IT\"}]}<\/script>\n<!-- \/ Yoast SEO plugin. -->","yoast_head_json":{"title":"Manifesto Laico - Associazione Culturale Civilt\u00e0 Laica","robots":{"index":"index","follow":"follow","max-snippet":"max-snippet:-1","max-image-preview":"max-image-preview:large","max-video-preview":"max-video-preview:-1"},"canonical":"https:\/\/www.civiltalaica.it\/cms\/manifesto-laico\/","og_locale":"it_IT","og_type":"article","og_title":"Manifesto Laico - Associazione Culturale Civilt\u00e0 Laica","og_description":"Civilt\u00e0 Laica rende noti i punti principali della campagna a difesa della laicit\u00e0 dello stato L\u2019anno 2005 ha visto la nascita in Italia di un nuovo soggetto culturale impegnato nella difficile conquista della laicit\u00e0 delle istituzioni: l\u2019Associazione Culturale Civilt\u00e0 Laica, che viene creata per coordinare l\u2019azione di tutti coloro che indipendentemente dal proprio orientamento religioso, [&hellip;]","og_url":"https:\/\/www.civiltalaica.it\/cms\/manifesto-laico\/","og_site_name":"Associazione Culturale Civilt\u00e0 Laica","article_publisher":"https:\/\/www.facebook.com\/civiltalaica","og_image":[{"width":400,"height":180,"url":"https:\/\/www.civiltalaica.it\/cms\/wp-content\/uploads\/2017\/06\/logo-cl.png","type":"image\/png"}],"twitter_card":"summary_large_image","twitter_misc":{"Tempo di lettura stimato":"2 minuti"},"schema":{"@context":"https:\/\/schema.org","@graph":[{"@type":"WebPage","@id":"https:\/\/www.civiltalaica.it\/cms\/manifesto-laico\/","url":"https:\/\/www.civiltalaica.it\/cms\/manifesto-laico\/","name":"Manifesto Laico - Associazione Culturale Civilt\u00e0 Laica","isPartOf":{"@id":"https:\/\/www.civiltalaica.it\/cms\/#website"},"datePublished":"2011-03-08T11:58:50+00:00","breadcrumb":{"@id":"https:\/\/www.civiltalaica.it\/cms\/manifesto-laico\/#breadcrumb"},"inLanguage":"it-IT","potentialAction":[{"@type":"ReadAction","target":["https:\/\/www.civiltalaica.it\/cms\/manifesto-laico\/"]}]},{"@type":"BreadcrumbList","@id":"https:\/\/www.civiltalaica.it\/cms\/manifesto-laico\/#breadcrumb","itemListElement":[{"@type":"ListItem","position":1,"name":"Home","item":"https:\/\/www.civiltalaica.it\/cms\/"},{"@type":"ListItem","position":2,"name":"Manifesto Laico"}]},{"@type":"WebSite","@id":"https:\/\/www.civiltalaica.it\/cms\/#website","url":"https:\/\/www.civiltalaica.it\/cms\/","name":"Associazione Culturale Civilt\u00e0 Laica","description":"Per un movimento culturale volto a difendere la Laicit\u00e0 dello Stato.","potentialAction":[{"@type":"SearchAction","target":{"@type":"EntryPoint","urlTemplate":"https:\/\/www.civiltalaica.it\/cms\/?s={search_term_string}"},"query-input":{"@type":"PropertyValueSpecification","valueRequired":true,"valueName":"search_term_string"}}],"inLanguage":"it-IT"}]}},"_links":{"self":[{"href":"https:\/\/www.civiltalaica.it\/cms\/wp-json\/wp\/v2\/pages\/9597","targetHints":{"allow":["GET"]}}],"collection":[{"href":"https:\/\/www.civiltalaica.it\/cms\/wp-json\/wp\/v2\/pages"}],"about":[{"href":"https:\/\/www.civiltalaica.it\/cms\/wp-json\/wp\/v2\/types\/page"}],"author":[{"embeddable":true,"href":"https:\/\/www.civiltalaica.it\/cms\/wp-json\/wp\/v2\/users\/1"}],"replies":[{"embeddable":true,"href":"https:\/\/www.civiltalaica.it\/cms\/wp-json\/wp\/v2\/comments?post=9597"}],"version-history":[{"count":0,"href":"https:\/\/www.civiltalaica.it\/cms\/wp-json\/wp\/v2\/pages\/9597\/revisions"}],"wp:attachment":[{"href":"https:\/\/www.civiltalaica.it\/cms\/wp-json\/wp\/v2\/media?parent=9597"}],"curies":[{"name":"wp","href":"https:\/\/api.w.org\/{rel}","templated":true}]}}