{"id":13047,"date":"2015-06-03T19:50:24","date_gmt":"2015-06-03T19:50:24","guid":{"rendered":"http:\/\/www.civiltalaica.it\/cms\/?page_id=13047"},"modified":"2025-03-20T16:34:32","modified_gmt":"2025-03-20T16:34:32","slug":"privacy","status":"publish","type":"page","link":"https:\/\/www.civiltalaica.it\/cms\/privacy\/","title":{"rendered":"Privacy Policy"},"content":{"rendered":"<h3>Privacy e informativa sull\u2019uso dei dati Ai sensi dell&#8217;art. 13 del Regolamento UE 2016\/679<\/h3>\n<p>Titolare del trattamento:<br \/>\nASSOCIAZIONE CULTURALE CIVILT\u00c0 LAICA<br \/>\nVia L. Aminale, 20\/22 \u2013 05100 Terni<br \/>\nlegale rappresentante: Presidente Silvia Menecali<\/p>\n<h3>Siti web interessati<\/h3>\n<p>Questa politica sulla privacy copre le pratiche di raccolta e gestione delle informazioni del sito internet www.civiltalaica.it<\/p>\n<p>Tutelare la Privacy \u00e8 importante. Per questo, nell&#8217;interesse della nostra rete di amici e amiche, ci impegniamo a proteggere e a salvaguardare qualsiasi dato personale degli Utenti (ad esempio: nome, cognome, indirizzo, telefono, email, dati di utilizzo, indirizzo IP, cookie) che ci venga fornito o con cui entriamo in contatto sia attraverso le iscrizioni dirette oppure in occasione di eventi o di scambi di varia natura che avvengono sia in modo diretto sia in modo virtuale nelle piattaforme web o social.<\/p>\n<p>I Dati Personali possono essere liberamente forniti dall&#8217;Utente o, nel caso di Dati di Utilizzo, raccolti automaticamente durante l&#8217;uso di questo Sito Web.<br \/>\nPer manifestare l\u2019accordo con tale impostazione l\u2019interessato non deve fare nulla, se non \u00e8 d&#8217;accordo con questa Informativa sulla Privacy, pu\u00f2 interrompere l\u2019invio di comunicazioni scrivendo a info@civiltalaica.it<\/p>\n<h3>Diritti dell\u2019interessato<\/h3>\n<p>L\u2019Utente ha il diritto di:<\/p>\n<ul>\n<li>ottenere la conferma circa l&#8217;esistenza o meno di dati che lo riguardano;<\/li>\n<li>qualora un trattamento sia in corso, ottenere l\u2019accesso ai dati e alle informazioni relative al trattamento;<\/li>\n<li>ottenere la cancellazione, la trasformazione in forma anonima o il blocco di dati trattati in violazione di Legge, l\u2019aggiornamento, la rettifica e l\u2019integrazione dei dati stessi;<\/li>\n<li>opporsi, per motivi legittimi, al trattamento dei dati stessi, revocare il consenso (ove prestato) al trattamento (senza pregiudizio per la liceit\u00e0 del trattamento basata sul consenso acquisito prima della revoca);<\/li>\n<li style=\"list-style-type: none;\"><\/li>\n<li>ricevere i Dati che lo riguardano in un formato strutturato, di uso comune e leggibile da dispositivo automatico e richiedere la loro trasmissione ad un altro titolare, se tecnicamente fattibile;<\/li>\n<li>proporre reclamo al Garante per la Protezione dei dati personali secondo le modalit\u00e0 indicate nel suo sito internet.<\/li>\n<\/ul>\n<p>L\u2019esercizio dei diritti pu\u00f2 essere esercitato mediante comunicazione scritta da inviare alla mail info@civiltalaica.it<\/p>\n<h3>Modalit\u00e0 di trattamento<\/h3>\n<p>Il Titolare tratta i Dati Personali degli Utenti adottando le opportune misure di sicurezza volte ad impedire l\u2019accesso, la divulgazione, la modifica o la distruzione non autorizzate dei Dati Personali.<\/p>\n<p>Il trattamento viene effettuato mediante strumenti cartacei informatici e\/o telematici, con modalit\u00e0 organizzative e con logiche strettamente correlate alle finalit\u00e0 indicate. Oltre al Titolare, in alcuni casi, potrebbero avere accesso ai Dati, categorie di incaricati coinvolti nell\u2019organizzazione del sito (personale amministrativo, personale legale, amministratori di sistema) ovvero soggetti esterni (come fornitori di servizi tecnici terzi, hosting provider, societ\u00e0 informatiche, agenzie di comunicazione) nominati anche, se necessario, Responsabili del Trattamento da parte del Titolare.<\/p>\n<p>I Dati possono inoltre essere comunicati, in caso di richieste, alle autorit\u00e0 competenti, in adempimento ad obblighi derivanti da norme inderogabili di legge<br \/>\nI Dati vengono trattati presso le sedi operative del titolare ed in ogni altro luogo in cui le parti coinvolte nel trattamento siano localizzate. I Dati non verranno ceduti a terzi per fini commerciali o diffusi.<\/p>\n<p>I Dati vengono conservati per il tempo necessario alla gestione delle finalit\u00e0 per i quali sono raccolti e nel rispetto delle norme vigenti e degli obblighi di legge.<\/p>\n<h3>Finalit\u00e0 del trattamento<\/h3>\n<p>I Dati dell\u2019Utente sono raccolti per consentire al Titolare di fornire informazioni all&#8217;Utente, cos\u00ec come per le seguenti finalit\u00e0: Statistica, Campagne di comunicazione, Hosting ed infrastruttura backend, Interazione con social network e piattaforme esterne e Visualizzazione di contenuti da piattaforme esterne.<\/p>\n<p>Il conferimento dei dati \u00e8 necessario per ottener le informazioni il loro mancato conferimento comporter\u00e0 l\u2019impossibilit\u00e0 di rispondere alle richieste dell\u2019Utente e di inviargli le comunicazioni.<\/p>\n<p>In particolare:<br \/>\nper i Dati Personali conferiti volontariamente dall\u2019Utente, essi sono trattati per le seguenti finalit\u00e0, oltre a quelle indicate in seguito:<\/p>\n<ul>\n<li>invio di informazioni riguardanti nuovi eventi;<\/li>\n<li>invio di informazioni su argomenti presenti nel sito e nel periodico;<\/li>\n<li>informazioni su iniziative di interesse;<\/li>\n<li>per l\u2019elaborazione di statistiche d\u2019uso anonime ed aggregate;<\/li>\n<li>tutela o difesa di diritti in sede giudiziaria;<\/li>\n<li>adempimento di obblighi previsti da leggi o regolamenti vigenti, anche in materia contabile e fiscale;<\/li>\n<li>soddisfacimento degli scopi specifici per i quali tali Dati sono stati forniti dall\u2019Utente (es. fornitura di una comunicazione, risposta a specifici quesiti inoltrati tramite form di contatto, etc.);<\/li>\n<li>invio notizie e newsletter all\u2019Utente;<\/li>\n<li>partecipazione dell\u2019Utente a iniziative.<\/li>\n<\/ul>\n<p>per i Dati di Navigazione sono trattati esclusivamente:<\/p>\n<ul>\n<li style=\"list-style-type: none;\"><\/li>\n<li>per la gestione operativa della navigazione;<\/li>\n<li>per l\u2019elaborazione di dati statistici sugli accessi e la consultazione;<\/li>\n<li>per la gestione della sicurezza dei Dati.<\/li>\n<\/ul>\n<p>Allo scopo di perseguire le finalit\u00e0 di trattamento sopra descritte il titolare si avvale dei seguenti servizi, elencati per finalit\u00e0 di trattamento.<\/p>\n<h3>Hosting ed infrastruttura backend<\/h3>\n<p>Questo tipo di servizi ha la funzione di ospitare dati e file che permettono al sito di funzionare, ne consentono la distribuzione e mettono a disposizione un\u2019infrastruttura pronta all\u2019uso per erogare specifiche funzionalit\u00e0. Alcuni di questi servizi funzionano attraverso server dislocati geograficamente in luoghi differenti, rendendo difficile la determinazione del luogo esatto in cui vengono conservati i Dati Personali.<\/p>\n<h3>Interazione con social network e piattaforme esterne<\/h3>\n<p>Questo tipo di servizi permette di effettuare interazioni con i social network, o con altre piattaforme esterne, direttamente dalle pagine del sito.<\/p>\n<h3>Statistiche<\/h3>\n<p>Il sito internet utilizza questo servizio al fine di effettuare analisi aggregate sui propri Utenti in forma anonima e, cos\u00ec, migliorare le prestazioni dei siti stessi. Tutti i servizi di statistica sono utilizzati tramite una integrazione che rende anonimo l\u2019indirizzo IP dell\u2019Utente.<\/p>\n<h3>Il servizio statistico utilizzato del sito \u00e8:<\/h3>\n<p><strong>Google Analytics con IP anonimizzato (Google Inc.)<\/strong><br \/>\nDati Personali raccolti: Cookie e Dati di Utilizzo.<br \/>\nLuogo del trattamento: Europa\/USA \u2013 Privacy Policy \u2013 Opt Ou<\/p>\n<p><strong>Visualizzazione di contenuti da piattaforme esterne<\/strong><br \/>\nQuesto tipo di servizi permette di visualizzare contenuti ospitati su piattaforme esterne direttamente dalle pagine e di interagire con essi.<br \/>\nNel caso in cui sia installato un servizio di questo tipo, \u00e8 possibile che, anche nel caso gli Utenti non utilizzino il servizio, lo stesso raccolga dati di traffico relativi alle pagine in cui \u00e8 installato.<\/p>\n<p><strong>Widget Google Maps (Google Inc.)<\/strong><br \/>\nGoogle Maps \u00e8 un servizio di visualizzazione di mappe gestito da Google Inc. che permette al sito di integrare tali contenuti all\u2019interno delle proprie pagine.<br \/>\nDati Personali raccolti: Cookie e Dati di Utilizzo.<br \/>\nLuogo del trattamento: Europa\/USA \u2013 Privacy Policy<\/p>\n<h3>Modulo contatti<\/h3>\n<p>Se scrivi dalla pagina Contatti i dati vengono usati per rispondere, e cos\u00ec se scrivi via posta elettronica o lasci un commento a un post. I tuoi dati restano memorizzati nel database del sito (ospitato su Aruba Business, in Italia) e nei backup periodici; I dati non vengono divulgati o ceduti all\u2019esterno del nostro sito.<\/p>\n<h2>Ulteriori informazioni sui Dati Personali<\/h2>\n<h3>Informazioni sui Cookie<\/h3>\n<p><strong>Cookies<\/strong><br \/>\nPer far funzionare bene questo sito, a volte installiamo sul tuo dispositivo dei piccoli file di dati che si chiamano \u201ccookies\u201d. Anche la maggior parte dei grandi siti fanno lo stesso.<\/p>\n<p><strong>Cosa sono i cookies?<\/strong><br \/>\nUn cookie \u00e8 un piccolo file di testo che i siti salvano sul tuo computer o dispositivo mobile mentre li visiti. Grazie ai cookies il sito ricorda le tue azioni e preferenze (per es. login, lingua, dimensioni dei caratteri e altre impostazioni di visualizzazione) in modo che tu non debba reinserirle quando torni sul sito o navighi da una pagina all\u2019altra.<br \/>\n<strong><br \/>\nCome utilizziamo i cookies?<\/strong><br \/>\nIn alcune pagine utilizziamo i cookies per ricordare:<\/p>\n<ul>\n<li>le preferenze di visualizzazione, per es. le impostazioni del contrasto o le dimensioni dei caratteri<\/li>\n<li>se hai gi\u00e0 risposto a un sondaggio pop-up sull\u2019utilit\u00e0 dei contenuti trovati, per evitare di riproportelo<\/li>\n<li>se hai autorizzato l\u2019uso dei cookies sul sito.<\/li>\n<\/ul>\n<p>Inoltre, alcuni video inseriti nelle nostre pagine utilizzano un cookie per elaborare statistiche, in modo anonimo, su come sei arrivato sulla pagina e quali video hai visto.<br \/>\nNon \u00e8 necessario abilitare i cookies perch\u00e9 il sito funzioni, ma farlo migliora la navigazione. \u00c8 possibile cancellare o bloccare i cookies, per\u00f2 in questo caso alcune funzioni del sito potrebbero non funzionare correttamente.<\/p>\n<p>Le informazioni riguardanti i cookies non sono utilizzate per identificare gli utenti e i dati di navigazione restano sempre sotto il nostro controllo. Questi cookies servono esclusivamente per i fini qui descritti.<\/p>\n<p><strong>Come controllare i cookies?<\/strong><br \/>\nPuoi controllare e\/o verificare i cookies come vuoi \u2013 per saperne di pi\u00f9, vai su aboutcookies.org. Puoi cancellare i cookies gi\u00e0 presenti nel computer e impostare quasi tutti i browser in modo da bloccarne l\u2019installazione. Se scegli questa opzione, dovrai per\u00f2 modificare manualmente alcune preferenze ogni volta che visiti il sito ed \u00e8 possibile che alcuni servizi o determinate funzioni non siano disponibili.<\/p>\n<p><strong>Cookie usati per il tracciamento online:<\/strong><br \/>\nGoogle Analytics \u2013 Policy terza<\/p>\n","protected":false},"excerpt":{"rendered":"<p>Privacy e informativa sull\u2019uso dei dati Ai sensi dell&#8217;art. 13 del Regolamento UE 2016\/679 Titolare del trattamento: ASSOCIAZIONE CULTURALE CIVILT\u00c0 LAICA Via L. Aminale, 20\/22 \u2013 05100 Terni legale rappresentante: Presidente Silvia Menecali Siti web interessati Questa politica sulla privacy copre le pratiche di raccolta e gestione delle informazioni del sito internet www.civiltalaica.it Tutelare la [&hellip;]<\/p>\n","protected":false},"author":1,"featured_media":0,"parent":0,"menu_order":0,"comment_status":"closed","ping_status":"closed","template":"","meta":{"footnotes":""},"class_list":["post-13047","page","type-page","status-publish","hentry"],"yoast_head":"<!-- This site is optimized with the Yoast SEO plugin v27.5 - https:\/\/yoast.com\/product\/yoast-seo-wordpress\/ -->\n<title>Privacy Policy - Associazione Culturale Civilt\u00e0 Laica<\/title>\n<meta name=\"robots\" content=\"index, follow, max-snippet:-1, max-image-preview:large, max-video-preview:-1\" \/>\n<link rel=\"canonical\" href=\"https:\/\/www.civiltalaica.it\/cms\/privacy\/\" \/>\n<meta property=\"og:locale\" content=\"it_IT\" \/>\n<meta property=\"og:type\" content=\"article\" \/>\n<meta property=\"og:title\" content=\"Privacy Policy - Associazione Culturale Civilt\u00e0 Laica\" \/>\n<meta property=\"og:description\" content=\"Privacy e informativa sull\u2019uso dei dati Ai sensi dell&#8217;art. 13 del Regolamento UE 2016\/679 Titolare del trattamento: ASSOCIAZIONE CULTURALE CIVILT\u00c0 LAICA Via L. Aminale, 20\/22 \u2013 05100 Terni legale rappresentante: Presidente Silvia Menecali Siti web interessati Questa politica sulla privacy copre le pratiche di raccolta e gestione delle informazioni del sito internet www.civiltalaica.it Tutelare la [&hellip;]\" \/>\n<meta property=\"og:url\" content=\"https:\/\/www.civiltalaica.it\/cms\/privacy\/\" \/>\n<meta property=\"og:site_name\" content=\"Associazione Culturale Civilt\u00e0 Laica\" \/>\n<meta property=\"article:publisher\" content=\"https:\/\/www.facebook.com\/civiltalaica\" \/>\n<meta property=\"article:modified_time\" content=\"2025-03-20T16:34:32+00:00\" \/>\n<meta property=\"og:image\" content=\"https:\/\/www.civiltalaica.it\/cms\/wp-content\/uploads\/2017\/06\/logo-cl.png\" \/>\n\t<meta property=\"og:image:width\" content=\"400\" \/>\n\t<meta property=\"og:image:height\" content=\"180\" \/>\n\t<meta property=\"og:image:type\" content=\"image\/png\" \/>\n<meta name=\"twitter:card\" content=\"summary_large_image\" \/>\n<meta name=\"twitter:label1\" content=\"Tempo di lettura stimato\" \/>\n\t<meta name=\"twitter:data1\" content=\"8 minuti\" \/>\n<script type=\"application\/ld+json\" class=\"yoast-schema-graph\">{\"@context\":\"https:\\\/\\\/schema.org\",\"@graph\":[{\"@type\":\"WebPage\",\"@id\":\"https:\\\/\\\/www.civiltalaica.it\\\/cms\\\/privacy\\\/\",\"url\":\"https:\\\/\\\/www.civiltalaica.it\\\/cms\\\/privacy\\\/\",\"name\":\"Privacy Policy - Associazione Culturale Civilt\u00e0 Laica\",\"isPartOf\":{\"@id\":\"https:\\\/\\\/www.civiltalaica.it\\\/cms\\\/#website\"},\"datePublished\":\"2015-06-03T19:50:24+00:00\",\"dateModified\":\"2025-03-20T16:34:32+00:00\",\"breadcrumb\":{\"@id\":\"https:\\\/\\\/www.civiltalaica.it\\\/cms\\\/privacy\\\/#breadcrumb\"},\"inLanguage\":\"it-IT\",\"potentialAction\":[{\"@type\":\"ReadAction\",\"target\":[\"https:\\\/\\\/www.civiltalaica.it\\\/cms\\\/privacy\\\/\"]}]},{\"@type\":\"BreadcrumbList\",\"@id\":\"https:\\\/\\\/www.civiltalaica.it\\\/cms\\\/privacy\\\/#breadcrumb\",\"itemListElement\":[{\"@type\":\"ListItem\",\"position\":1,\"name\":\"Home\",\"item\":\"https:\\\/\\\/www.civiltalaica.it\\\/cms\\\/\"},{\"@type\":\"ListItem\",\"position\":2,\"name\":\"Privacy Policy\"}]},{\"@type\":\"WebSite\",\"@id\":\"https:\\\/\\\/www.civiltalaica.it\\\/cms\\\/#website\",\"url\":\"https:\\\/\\\/www.civiltalaica.it\\\/cms\\\/\",\"name\":\"Associazione Culturale Civilt\u00e0 Laica\",\"description\":\"Per un movimento culturale volto a difendere la Laicit\u00e0 dello Stato.\",\"potentialAction\":[{\"@type\":\"SearchAction\",\"target\":{\"@type\":\"EntryPoint\",\"urlTemplate\":\"https:\\\/\\\/www.civiltalaica.it\\\/cms\\\/?s={search_term_string}\"},\"query-input\":{\"@type\":\"PropertyValueSpecification\",\"valueRequired\":true,\"valueName\":\"search_term_string\"}}],\"inLanguage\":\"it-IT\"}]}<\/script>\n<!-- \/ Yoast SEO plugin. -->","yoast_head_json":{"title":"Privacy Policy - Associazione Culturale Civilt\u00e0 Laica","robots":{"index":"index","follow":"follow","max-snippet":"max-snippet:-1","max-image-preview":"max-image-preview:large","max-video-preview":"max-video-preview:-1"},"canonical":"https:\/\/www.civiltalaica.it\/cms\/privacy\/","og_locale":"it_IT","og_type":"article","og_title":"Privacy Policy - Associazione Culturale Civilt\u00e0 Laica","og_description":"Privacy e informativa sull\u2019uso dei dati Ai sensi dell&#8217;art. 13 del Regolamento UE 2016\/679 Titolare del trattamento: ASSOCIAZIONE CULTURALE CIVILT\u00c0 LAICA Via L. Aminale, 20\/22 \u2013 05100 Terni legale rappresentante: Presidente Silvia Menecali Siti web interessati Questa politica sulla privacy copre le pratiche di raccolta e gestione delle informazioni del sito internet www.civiltalaica.it Tutelare la [&hellip;]","og_url":"https:\/\/www.civiltalaica.it\/cms\/privacy\/","og_site_name":"Associazione Culturale Civilt\u00e0 Laica","article_publisher":"https:\/\/www.facebook.com\/civiltalaica","article_modified_time":"2025-03-20T16:34:32+00:00","og_image":[{"width":400,"height":180,"url":"https:\/\/www.civiltalaica.it\/cms\/wp-content\/uploads\/2017\/06\/logo-cl.png","type":"image\/png"}],"twitter_card":"summary_large_image","twitter_misc":{"Tempo di lettura stimato":"8 minuti"},"schema":{"@context":"https:\/\/schema.org","@graph":[{"@type":"WebPage","@id":"https:\/\/www.civiltalaica.it\/cms\/privacy\/","url":"https:\/\/www.civiltalaica.it\/cms\/privacy\/","name":"Privacy Policy - Associazione Culturale Civilt\u00e0 Laica","isPartOf":{"@id":"https:\/\/www.civiltalaica.it\/cms\/#website"},"datePublished":"2015-06-03T19:50:24+00:00","dateModified":"2025-03-20T16:34:32+00:00","breadcrumb":{"@id":"https:\/\/www.civiltalaica.it\/cms\/privacy\/#breadcrumb"},"inLanguage":"it-IT","potentialAction":[{"@type":"ReadAction","target":["https:\/\/www.civiltalaica.it\/cms\/privacy\/"]}]},{"@type":"BreadcrumbList","@id":"https:\/\/www.civiltalaica.it\/cms\/privacy\/#breadcrumb","itemListElement":[{"@type":"ListItem","position":1,"name":"Home","item":"https:\/\/www.civiltalaica.it\/cms\/"},{"@type":"ListItem","position":2,"name":"Privacy Policy"}]},{"@type":"WebSite","@id":"https:\/\/www.civiltalaica.it\/cms\/#website","url":"https:\/\/www.civiltalaica.it\/cms\/","name":"Associazione Culturale Civilt\u00e0 Laica","description":"Per un movimento culturale volto a difendere la Laicit\u00e0 dello Stato.","potentialAction":[{"@type":"SearchAction","target":{"@type":"EntryPoint","urlTemplate":"https:\/\/www.civiltalaica.it\/cms\/?s={search_term_string}"},"query-input":{"@type":"PropertyValueSpecification","valueRequired":true,"valueName":"search_term_string"}}],"inLanguage":"it-IT"}]}},"_links":{"self":[{"href":"https:\/\/www.civiltalaica.it\/cms\/wp-json\/wp\/v2\/pages\/13047","targetHints":{"allow":["GET"]}}],"collection":[{"href":"https:\/\/www.civiltalaica.it\/cms\/wp-json\/wp\/v2\/pages"}],"about":[{"href":"https:\/\/www.civiltalaica.it\/cms\/wp-json\/wp\/v2\/types\/page"}],"author":[{"embeddable":true,"href":"https:\/\/www.civiltalaica.it\/cms\/wp-json\/wp\/v2\/users\/1"}],"replies":[{"embeddable":true,"href":"https:\/\/www.civiltalaica.it\/cms\/wp-json\/wp\/v2\/comments?post=13047"}],"version-history":[{"count":5,"href":"https:\/\/www.civiltalaica.it\/cms\/wp-json\/wp\/v2\/pages\/13047\/revisions"}],"predecessor-version":[{"id":33988,"href":"https:\/\/www.civiltalaica.it\/cms\/wp-json\/wp\/v2\/pages\/13047\/revisions\/33988"}],"wp:attachment":[{"href":"https:\/\/www.civiltalaica.it\/cms\/wp-json\/wp\/v2\/media?parent=13047"}],"curies":[{"name":"wp","href":"https:\/\/api.w.org\/{rel}","templated":true}]}}